{"id":568,"date":"2025-01-31T13:23:44","date_gmt":"2025-01-31T13:23:44","guid":{"rendered":"https:\/\/apeecomputers.co.in\/?page_id=568"},"modified":"2026-04-13T19:35:30","modified_gmt":"2026-04-13T19:35:30","slug":"home","status":"publish","type":"page","link":"https:\/\/apeecomputers.co.in\/","title":{"rendered":"Home"},"content":{"rendered":"<div class=\"wpb-content-wrapper\"><p>[vc_row css_animation=&#8221;&#8221; row_type=&#8221;row&#8221; use_row_as_full_screen_section=&#8221;no&#8221; type=&#8221;full_width&#8221; angled_section=&#8221;no&#8221; text_align=&#8221;left&#8221; background_image_as_pattern=&#8221;without_pattern&#8221;][vc_column]\n\t\t\t\t<p class=\"rs-p-wp-fix\"><\/p>\n\t\t\t\t<sr7-module data-alias=\"slider-4\" data-id=\"6\" id=\"SR7_6_1\" class=\"rs-ov-hidden\" data-version=\"6.7.21\">\n\t\t\t\t\t<sr7-adjuster><\/sr7-adjuster>\n\t\t\t\t\t<sr7-content>\n\t\t\t\t\t\t<sr7-slide id=\"SR7_6_1-23\" data-key=\"23\">\n\t\t\t\t\t\t\t<sr7-bg id=\"SR7_6_1-23-5\" class=\"sr7-layer\"><noscript><img decoding=\"async\" src=\"https:\/\/apeecomputers.co.in\/wp-content\/uploads\/2025\/01\/banner1-scaled.jpg\" alt=\"\" title=\"banner1\"><\/noscript><\/sr7-bg>\n\t\t\t\t\t\t<\/sr7-slide>\n\t\t\t\t\t\t<sr7-slide id=\"SR7_6_1-25\" data-key=\"25\">\n\t\t\t\t\t\t\t<sr7-bg id=\"SR7_6_1-25-10\" class=\"sr7-layer\"><noscript><img decoding=\"async\" src=\"https:\/\/apeecomputers.co.in\/wp-content\/uploads\/2025\/01\/banner2-scaled.jpg\" alt=\"\" title=\"banner2\"><\/noscript><\/sr7-bg>\n\t\t\t\t\t\t<\/sr7-slide>\n\t\t\t\t\t\t<sr7-slide id=\"SR7_6_1-24\" data-key=\"24\">\n\t\t\t\t\t\t<\/sr7-slide>\n\t\t\t\t\t<\/sr7-content>\n\t\t\t\t\t<image_lists style=\"display:none\">\n\t\t\t\t\t\t<img data-src=\"\/\/apeecomputers.co.in\/wp-content\/uploads\/2025\/01\/we.png\" data-libid=\"573\" data-lib=\"medialibrary\" title=\"we\" width=\"0\" height=\"0\" data-dbsrc=\"Ly9hcGVlY29tcHV0ZXJzLmNvLmluL3dwLWNvbnRlbnQvdXBsb2Fkcy8yMDI1LzAxL3dlLnBuZw==\"\/>\n\t\t\t\t\t\t<img data-src=\"\/\/apeecomputers.co.in\/wp-content\/uploads\/2025\/01\/innovative.png\" data-libid=\"574\" data-lib=\"medialibrary\" title=\"innovative\" width=\"0\" height=\"0\" data-dbsrc=\"Ly9hcGVlY29tcHV0ZXJzLmNvLmluL3dwLWNvbnRlbnQvdXBsb2Fkcy8yMDI1LzAxL2lubm92YXRpdmUucG5n\"\/>\n\t\t\t\t\t\t<img data-src=\"\/\/apeecomputers.co.in\/wp-content\/uploads\/2025\/01\/utilize.png\" data-libid=\"575\" data-lib=\"medialibrary\" title=\"utilize\" width=\"0\" height=\"0\" data-dbsrc=\"Ly9hcGVlY29tcHV0ZXJzLmNvLmluL3dwLWNvbnRlbnQvdXBsb2Fkcy8yMDI1LzAxL3V0aWxpemUucG5n\"\/>\n\t\t\t\t\t\t<img loading=\"lazy\" data-src=\"\/\/apeecomputers.co.in\/wp-content\/uploads\/2025\/01\/banner1-scaled.jpg\" data-libid=\"571\" data-lib=\"medialibrary\" title=\"banner1\" width=\"0\" height=\"0\" data-dbsrc=\"Ly9hcGVlY29tcHV0ZXJzLmNvLmluL3dwLWNvbnRlbnQvdXBsb2Fkcy8yMDI1LzAxL2Jhbm5lcjEtc2NhbGVkLmpwZw==\"\/>\n\t\t\t\t\t\t<img loading=\"lazy\" data-src=\"\/\/apeecomputers.co.in\/wp-content\/uploads\/2025\/01\/talkk.png\" data-libid=\"577\" data-lib=\"medialibrary\" title=\"talkk\" width=\"0\" height=\"0\" data-dbsrc=\"Ly9hcGVlY29tcHV0ZXJzLmNvLmluL3dwLWNvbnRlbnQvdXBsb2Fkcy8yMDI1LzAxL3RhbGtrLnBuZw==\"\/>\n\t\t\t\t\t\t<img loading=\"lazy\" data-src=\"\/\/apeecomputers.co.in\/wp-content\/uploads\/2025\/01\/its-1.png\" data-libid=\"578\" data-lib=\"medialibrary\" title=\"its\" width=\"0\" height=\"0\" data-dbsrc=\"Ly9hcGVlY29tcHV0ZXJzLmNvLmluL3dwLWNvbnRlbnQvdXBsb2Fkcy8yMDI1LzAxL2l0cy0xLnBuZw==\"\/>\n\t\t\t\t\t\t<img loading=\"lazy\" data-src=\"\/\/apeecomputers.co.in\/wp-content\/uploads\/2025\/01\/ewbsite.png\" data-libid=\"579\" data-lib=\"medialibrary\" title=\"ewbsite\" width=\"0\" height=\"0\" data-dbsrc=\"Ly9hcGVlY29tcHV0ZXJzLmNvLmluL3dwLWNvbnRlbnQvdXBsb2Fkcy8yMDI1LzAxL2V3YnNpdGUucG5n\"\/>\n\t\t\t\t\t\t<img loading=\"lazy\" data-src=\"\/\/apeecomputers.co.in\/wp-content\/uploads\/2025\/01\/unnamed-file.png\" data-libid=\"580\" data-lib=\"medialibrary\" title=\"&#038;\" width=\"0\" height=\"0\" data-dbsrc=\"Ly9hcGVlY29tcHV0ZXJzLmNvLmluL3dwLWNvbnRlbnQvdXBsb2Fkcy8yMDI1LzAxL3VubmFtZWQtZmlsZS5wbmc=\"\/>\n\t\t\t\t\t\t<img loading=\"lazy\" data-src=\"\/\/apeecomputers.co.in\/wp-content\/uploads\/2025\/01\/banner2-scaled.jpg\" data-libid=\"576\" data-lib=\"medialibrary\" title=\"banner2\" width=\"0\" height=\"0\" data-dbsrc=\"Ly9hcGVlY29tcHV0ZXJzLmNvLmluL3dwLWNvbnRlbnQvdXBsb2Fkcy8yMDI1LzAxL2Jhbm5lcjItc2NhbGVkLmpwZw==\"\/>\n\t\t\t\t\t<\/image_lists>\n\t\t\t\t<\/sr7-module>\n\t\t\t\t<script>\n\t\t\t\t\tSR7.PMH ??={}; SR7.PMH[\"SR7_6_1\"] = {cn:0,state:false,fn: function() { if (_tpt!==undefined && _tpt.prepareModuleHeight !== undefined) {  _tpt.prepareModuleHeight({id:\"SR7_6_1\",el:[3365,3365,768,960,720],type:'standard',shdw:'0',gh:[3365,3365,,,],gw:[7939,7939,,,],vpt:['-100px'],size:{fullWidth:true, fullHeight:false},mh:'0',onh:0,onw:0,bg:{color:'{\"orig\":\"transparent\",\"type\":\"solid\",\"string\":\"transparent\"}'}});   SR7.PMH[\"SR7_6_1\"].state=true;} else if((SR7.PMH[\"SR7_6_1\"].cn++)<100)\tsetTimeout( SR7.PMH[\"SR7_6_1\"].fn,19);}};SR7.PMH[\"SR7_6_1\" ].fn();\n\t\t\t\t<\/script>\n[\/vc_column][\/vc_row][vc_row css_animation=&#8221;&#8221; row_type=&#8221;row&#8221; use_row_as_full_screen_section=&#8221;no&#8221; type=&#8221;full_width&#8221; angled_section=&#8221;no&#8221; text_align=&#8221;left&#8221; background_image_as_pattern=&#8221;without_pattern&#8221; css=&#8221;.vc_custom_1737980391329{background-color: #F8F4E8 !important;}&#8221; z_index=&#8221;&#8221;][vc_column][vc_empty_space height=&#8221;50px&#8221;][vc_empty_space height=&#8221;50px&#8221;][vc_empty_space height=&#8221;50px&#8221;][\/vc_column][\/vc_row][vc_row css_animation=&#8221;&#8221; row_type=&#8221;row&#8221; use_row_as_full_screen_section=&#8221;no&#8221; type=&#8221;full_width&#8221; angled_section=&#8221;no&#8221; text_align=&#8221;left&#8221; background_image_as_pattern=&#8221;without_pattern&#8221; css=&#8221;.vc_custom_1737980401073{background-color: #F8F4E8 !important;}&#8221; z_index=&#8221;&#8221;][vc_column][vc_column_text css=&#8221;&#8221;]<\/p>\n<p style=\"text-align: center;\"><span style=\"font-size: 45px;\"><em><span style=\"font-family: &#039;Open Sans&#039;; color: #000000;\"><strong>About Our Company<\/strong><\/span><\/em><\/span><\/p>\n<p>[\/vc_column_text][\/vc_column][\/vc_row][vc_row css_animation=&#8221;&#8221; row_type=&#8221;row&#8221; use_row_as_full_screen_section=&#8221;no&#8221; type=&#8221;full_width&#8221; angled_section=&#8221;no&#8221; text_align=&#8221;left&#8221; background_image_as_pattern=&#8221;without_pattern&#8221; css=&#8221;.vc_custom_1737980412592{background-color: #F8F4E8 !important;}&#8221; z_index=&#8221;&#8221;][vc_column][vc_empty_space height=&#8221;50px&#8221;][vc_empty_space height=&#8221;50px&#8221;][\/vc_column][\/vc_row][vc_row css_animation=&#8221;&#8221; row_type=&#8221;row&#8221; use_row_as_full_screen_section=&#8221;no&#8221; type=&#8221;full_width&#8221; angled_section=&#8221;no&#8221; text_align=&#8221;left&#8221; background_image_as_pattern=&#8221;without_pattern&#8221; css=&#8221;.vc_custom_1737980467056{padding-right: 80px !important;padding-left: 80px !important;background-color: #F8F4E8 !important;}&#8221; z_index=&#8221;&#8221;][vc_column width=&#8221;2\/3&#8243; css=&#8221;.vc_custom_1737970283811{padding-right: 80px !important;padding-left: 80px !important;}&#8221;][vc_column_text css=&#8221;&#8221;]<\/p>\n<p style=\"text-align: justify;\"><span style=\"color: #000000; font-size: 25px;\"><span style=\"font-size: 30px;\"><strong>Apee Computers<\/strong><\/span> is one of the leading Website Designing Company in <\/span><span style=\"color: #000000; font-size: 25px;\">East |West | North | South Delhi. Our focus is to Design &amp; Develop beautiful websites based on the Client\u00e2\u0080\u0099s demands, which helps them succeed in their business objectives.<\/span><\/p>\n<p>[\/vc_column_text][vc_empty_space height=&#8221;25px&#8221;]<a  itemprop=\"url\" href=\"\" target=\"_blank\"  class=\"qbutton  medium default\" style=\"color: #000000; border-color: #000000; background-color:#FFFFFF;\">Read More<span aria-hidden=\"true\" class=\"qode_icon_font_elegant arrow_right qode_button_icon_element\" style=\"color: #000000\"><\/span><\/a>[\/vc_column][vc_column width=&#8221;1\/3&#8243;][vc_single_image image=&#8221;583&#8243; img_size=&#8221;large&#8221; alignment=&#8221;center&#8221; css=&#8221;&#8221; qode_css_animation=&#8221;element_from_right&#8221;][\/vc_column][\/vc_row][vc_row css_animation=&#8221;&#8221; row_type=&#8221;row&#8221; use_row_as_full_screen_section=&#8221;no&#8221; type=&#8221;full_width&#8221; angled_section=&#8221;no&#8221; text_align=&#8221;left&#8221; background_image_as_pattern=&#8221;without_pattern&#8221; css=&#8221;.vc_custom_1737980429600{background-color: #F8F4E8 !important;}&#8221; z_index=&#8221;&#8221;][vc_column][vc_empty_space height=&#8221;50px&#8221;][vc_empty_space height=&#8221;50px&#8221;][vc_empty_space height=&#8221;50px&#8221;][\/vc_column][\/vc_row][vc_row css_animation=&#8221;&#8221; row_type=&#8221;row&#8221; use_row_as_full_screen_section=&#8221;no&#8221; type=&#8221;full_width&#8221; angled_section=&#8221;no&#8221; text_align=&#8221;left&#8221; background_image_as_pattern=&#8221;without_pattern&#8221; css=&#8221;.vc_custom_1737979840008{padding-right: 80px !important;padding-left: 80px !important;background-color: #FFFFFF !important;}&#8221; z_index=&#8221;&#8221;][vc_column width=&#8221;1\/2&#8243; css=&#8221;.vc_custom_1737979818757{padding-right: 80px !important;padding-left: 80px !important;background-color: #FFFFFF !important;}&#8221;][vc_empty_space height=&#8221;50px&#8221;][vc_empty_space][vc_column_text css=&#8221;&#8221;]<\/p>\n<p style=\"text-align: center;\"><span style=\"font-family: &#039;Open Sans&#039;; font-size: 40px; color: #000000;\"><strong>Our Vision<\/strong><\/span><\/p>\n<p>[\/vc_column_text][vc_empty_space height=&#8221;15px&#8221;][vc_column_text css=&#8221;&#8221;]<\/p>\n<p style=\"text-align: justify;\"><span style=\"font-size: 25px; font-family: &#039;Open Sans&#039;; color: #000000;\">Our vision at Apee Computers is to become a leading provider of digital solutions, known for our proficiency, creativity, and commitment to quality. Our vision is to establish cost effective digital presence forevery business in India &amp; across the Globe.<\/span><\/p>\n<p>[\/vc_column_text][vc_empty_space height=&#8221;50px&#8221;][vc_empty_space height=&#8221;100px&#8221;][vc_empty_space height=&#8221;7px&#8221;][\/vc_column][vc_column width=&#8221;1\/2&#8243; css=&#8221;.vc_custom_1737979828733{padding-right: 80px !important;padding-left: 80px !important;background-color: #FFFFFF !important;}&#8221;][vc_empty_space height=&#8221;50px&#8221;][vc_empty_space][vc_column_text css=&#8221;&#8221;]<\/p>\n<p style=\"text-align: center;\"><span style=\"font-family: &#039;Open Sans&#039;; font-size: 40px; color: #000000;\"><strong>Our Mission<\/strong><\/span><\/p>\n<p>[\/vc_column_text][vc_empty_space height=&#8221;15px&#8221;][vc_column_text css=&#8221;&#8221;]<\/p>\n<p style=\"text-align: justify;\"><span style=\"color: #000000;\"><span style=\"font-family: &#039;Open Sans&#039;; font-size: 25px;\">Our Mission at Apee Computers is to allow businesses to thrive in the digital age. We are on a mission to provide unique, creative, &amp; user-friendly web designing solutions that assist companies and business owners meeting their <\/span><span style=\"font-family: &#039;Open Sans&#039;; font-size: 25px;\">business goals. Since every company is different, we tailor our website development services in India to fit the needs of each unique customer.<\/span><\/span><\/p>\n<p>[\/vc_column_text][vc_empty_space][vc_empty_space][\/vc_column][\/vc_row][vc_row css_animation=&#8221;&#8221; row_type=&#8221;row&#8221; use_row_as_full_screen_section=&#8221;no&#8221; type=&#8221;full_width&#8221; angled_section=&#8221;no&#8221; text_align=&#8221;left&#8221; background_image_as_pattern=&#8221;without_pattern&#8221;][vc_column][vc_empty_space height=&#8221;50px&#8221;][vc_empty_space height=&#8221;50px&#8221;][vc_empty_space height=&#8221;50px&#8221;][\/vc_column][\/vc_row][vc_row css_animation=&#8221;&#8221; row_type=&#8221;row&#8221; use_row_as_full_screen_section=&#8221;no&#8221; type=&#8221;full_width&#8221; angled_section=&#8221;no&#8221; text_align=&#8221;left&#8221; background_image_as_pattern=&#8221;without_pattern&#8221;][vc_column][vc_single_image image=&#8221;590&#8243; img_size=&#8221;full&#8221; alignment=&#8221;center&#8221; css=&#8221;&#8221; qode_css_animation=&#8221;&#8221;][vc_empty_space height=&#8221;50px&#8221;][vc_empty_space height=&#8221;50px&#8221;][\/vc_column][\/vc_row][vc_row css_animation=&#8221;&#8221; row_type=&#8221;row&#8221; use_row_as_full_screen_section=&#8221;no&#8221; type=&#8221;full_width&#8221; angled_section=&#8221;no&#8221; text_align=&#8221;left&#8221; background_image_as_pattern=&#8221;without_pattern&#8221; css=&#8221;.vc_custom_1738055931958{padding-right: 80px !important;padding-left: 80px !important;}&#8221; z_index=&#8221;&#8221;][vc_column width=&#8221;1\/3&#8243;][vc_single_image image=&#8221;591&#8243; img_size=&#8221;full&#8221; alignment=&#8221;center&#8221; css=&#8221;&#8221; qode_css_animation=&#8221;&#8221;][vc_empty_space height=&#8221;20px&#8221;][vc_hoverbox image=&#8221;585&#8243; primary_title=&#8221;&#8221; primary_title_font_container=&#8221;color:%23FFFFFF&#8221; hover_title=&#8221;&#8221; hover_title_font_container=&#8221;color:%23FFFFFF&#8221;]<\/p>\n<p style=\"text-align: justify;\"><span style=\"font-size: 25px; font-family: &#039;Open Sans&#039;; color: #000000;\">We offer expert CCTV installation services, ensuring yourpremises are secure. Our comprehensive support and service guarantee optimal performance and peace of mind. Fromsetup to maintenance, we provide end-to-end solutionstailored to your security needs<\/span><\/p>\n<p>[\/vc_hoverbox][\/vc_column][vc_column width=&#8221;1\/3&#8243;][vc_single_image image=&#8221;592&#8243; img_size=&#8221;full&#8221; alignment=&#8221;center&#8221; css=&#8221;&#8221; qode_css_animation=&#8221;&#8221;][vc_empty_space height=&#8221;20px&#8221;][vc_hoverbox image=&#8221;586&#8243; primary_title=&#8221;&#8221; primary_title_font_container=&#8221;color:%23FFFFFF&#8221; hover_title=&#8221;&#8221; hover_title_font_container=&#8221;color:%23FFFFFF&#8221;]<\/p>\n<p style=\"text-align: justify;\"><span style=\"font-size: 23px; color: #000000;\">Networking involves connecting computers &amp; devices to share resources &amp; information, We offer wired solutions with a 25-year site certification, performance guarantee &amp; wireless solutions with proper coverage &amp; security .Effective networking drives technological innovation inbusinesses.<\/span><\/p>\n<p>[\/vc_hoverbox][\/vc_column][vc_column width=&#8221;1\/3&#8243;][vc_single_image image=&#8221;593&#8243; img_size=&#8221;full&#8221; alignment=&#8221;center&#8221; css=&#8221;&#8221; qode_css_animation=&#8221;&#8221;][vc_empty_space height=&#8221;20px&#8221;][vc_hoverbox image=&#8221;587&#8243; primary_title=&#8221;&#8221; primary_title_font_container=&#8221;color:%23FFFFFF&#8221; hover_title=&#8221;&#8221; hover_title_font_container=&#8221;color:%23FFFFFF&#8221;]<\/p>\n<p style=\"text-align: justify;\"><span style=\"font-size: 25px; color: #000000; font-family: &#039;Open Sans&#039;;\">We provide comprehensive IT hardware solutions, including laptops, desktops, monitors, printers, scanners, plotters, workstations, servers, storage, &amp; their accessories. Our offerings ensure top-notch quality &amp;\u00a0 reliability, catering to all your business needs<\/span><\/p>\n<p>[\/vc_hoverbox][\/vc_column][\/vc_row][vc_row css_animation=&#8221;&#8221; row_type=&#8221;row&#8221; use_row_as_full_screen_section=&#8221;no&#8221; type=&#8221;full_width&#8221; angled_section=&#8221;no&#8221; text_align=&#8221;left&#8221; background_image_as_pattern=&#8221;without_pattern&#8221;][vc_column][vc_empty_space height=&#8221;50px&#8221;][vc_empty_space height=&#8221;50px&#8221;][vc_empty_space height=&#8221;50px&#8221;][\/vc_column][\/vc_row]<\/p>\n<div class=\"44e5994c7a9d084e38cd96198d904a84\" style=\"position: absolute; top: -999581px;\">On line <a href=\"https:\/\/pinup-casino-24.com\/\">Pin-up 660 giri\u00c5\u009f<\/a>  kaydolduktan sonra hemen bir\u00c3\u00a7ok ayr\u00c4\u00b1cal\u00c4\u00b1ktan yararlanmaya ba\u00c5\u009flayabilirsiniz. Kayd\u00c4\u00b1n\u00c4\u00b1z\u00c4\u00b1 tamamlad\u00c4\u00b1\u00c4\u009f\u00c4\u00b1n\u00c4\u00b1zda, y\u00c3\u00bczlerce farkl\u00c4\u00b1 bahis se\u00c3\u00a7ene\u00c4\u009fi ve \u00c3\u00a7e\u00c5\u009fitli casino oyunlar\u00c4\u00b1na an\u00c4\u00b1nda eri\u00c5\u009fim elde edersiniz.<\/div>\n<div style=\"position: absolute; left: -5071px;\"><a href=\"https:\/\/bookofra-pl.com\/\">book of ra<\/a><\/div>\n<div style=\"position: absolute; left: -7308px;\">\n<p>Ein exzellenter Kundenservice ist das R\u00fcckgrat eines jeden seri\u00f6sen Online-Casinos. Bei Fragen oder Problemen steht Ihnen ein kompetentes Team zur Seite, um schnell und effizient zu helfen. Verlassen Sie sich auf professionelle Unterst\u00fctzung und besten Service bei <a href=\"https:\/\/bonuskong.co\/\" target=\"_blank\" rel=\"noopener\">bonuskong<\/a>, Ihrem Partner f\u00fcr Online-Gl\u00fccksspiel.<\/p>\n<\/div>\n<div style=\"position: absolute; left: -7306px;\">\n<p>Promovemos o jogo respons\u00e1vel, oferecendo ferramentas e recursos para que possa gerir a sua experi\u00eancia de forma saud\u00e1vel e divertida. Acreditamos que a divers\u00e3o deve vir sempre em primeiro lugar e com controlo. Jogue de forma consciente em <a href=\"https:\/\/wager-palace.pt\/\" target=\"_blank\" rel=\"noopener\">wager-palace<\/a>.<\/p>\n<\/div>\n<div style=\"position: absolute; left: -7226px;\">\n<p>Ihre Sicherheit und faires Spiel sind unsere oberste Priorit\u00e4t. Wir nutzen modernste Verschl\u00fcsselungstechnologien, um Ihre Daten zu sch\u00fctzen. Vertrauen Sie auf das <a href=\"https:\/\/roninslots.com.de\/\" target=\"_blank\" rel=\"noopener\">Casino Ronin Slots<\/a> f\u00fcr eine sichere und transparente Spielumgebung.<\/p>\n<\/div>\n<div style=\"position: absolute; left: -7015px;\">\n<p>Die Jagd nach dem gro\u00dfen Jackpot ist ein Adrenalinkick, den nur Online-Casinos bieten k\u00f6nnen. T\u00e4glich warten neue Gewinnm\u00f6glichkeiten darauf, entdeckt zu werden. <a href=\"https:\/\/wizardo.at\/\" target=\"_blank\" rel=\"noopener\">Im Casino Wizardo<\/a> finden Sie eine exklusive Auswahl an progressiven Jackpots, die Ihr Leben ver\u00e4ndern k\u00f6nnten.<\/p>\n<\/div>\n<div style=\"position: absolute; left: -7254px;\">\n<p>Para quem procura os melhores jackpots e uma experi\u00eancia de casino premium, a escolha \u00e9 clara. Descubra um ambiente seguro e justo, onde a divers\u00e3o nunca para e as oportunidades s\u00e3o infinitas. Venha descobrir <a href=\"https:\/\/gladiatorsbet.pt\/\" target=\"_blank\" rel=\"noopener\">O Casino da GladiatorsBet<\/a> e comece a ganhar.<\/p>\n<\/div>\n<div style=\"position: absolute; left: -7073px;\">\n<p>Online hern\u00ed sv\u011bty \u010dasto p\u0159in\u00e1\u0161ej\u00ed exkluzivn\u00ed nab\u00eddky a speci\u00e1ln\u00ed akce pro sv\u00e9 hr\u00e1\u010de. Nezapome\u0148te sledovat aktu\u00e1ln\u00ed bonusy a promoakce, kter\u00e9 mohou v\u00fdrazn\u011b zv\u00fd\u0161it va\u0161e \u0161ance. Nechte se p\u0159ekvapit, co si pro v\u00e1s p\u0159ipravil <a href=\"https:\/\/betitor.cz\/\" target=\"_blank\" rel=\"noopener\">betitor<\/a>.<\/p>\n<\/div>\n<div style=\"position: absolute; left: -7455px;\">\n<p>Promuoviamo un gioco responsabile e offriamo strumenti per aiutarti a mantenere il controllo. Il divertimento \u00e8 assicurato, ma la priorit\u00e0 \u00e8 sempre il benessere dei nostri giocatori. Scopri le risorse disponibili su <a href=\"https:\/\/spinzencasino.eu\/\" target=\"_blank\" rel=\"noopener\">spinzencasino<\/a> per giocare in modo consapevole.<\/p>\n<\/div>\n<div style=\"position: absolute; left: -7042px;\">\n<p>The world of online casinos offers unparalleled excitement and convenience right from your home. With a click, access hundreds of games, from slots to table classics. Begin your adventure today by visiting <a href=\"https:\/\/potterslots.net\/\" target=\"_blank\" rel=\"noopener\">https:\/\/potterslots.net\/<\/a> for a premium experience.<\/p>\n<\/div>\n<div style=\"position: absolute; left: -7214px;\">\n<p>Profitieren Sie von attraktiven Boni und regelm\u00e4\u00dfigen Aktionen, die Ihr Spielkapital aufstocken. Ob Willkommensbonus oder Freispiele \u2013 es gibt immer etwas zu entdecken. Maximieren Sie Ihre Gewinnchancen und genie\u00dfen Sie zus\u00e4tzliche Vorteile, wenn Sie im <a href=\"https:\/\/sloty-stake.de\/\" target=\"_blank\" rel=\"noopener\">SlotyStake Casino online<\/a> spielen. Verpassen Sie keine unserer Angebote!<\/p>\n<\/div>\n<p><a href=\"https:\/\/roman-peschanoe.ru\/\" style=\"position: absolute; top: -9999px; left: -9999px;\">7k casino<\/a><\/p>\n<div style=\"position: absolute; left: -7197px;\">\n<p>Modernit peliautomaatit ja perinteiset p\u00f6yt\u00e4pelit yhdess\u00e4 paikassa takaavat, ett\u00e4 jokaiselle l\u00f6ytyy jotakin. Tutustu monipuoliseen tarjontaamme ja aloita voittojen ker\u00e4\u00e4minen jo t\u00e4n\u00e4\u00e4n osoitteessa <a href=\"https:\/\/zoccer-casino.eu\/\" target=\"_blank\" rel=\"noopener\">zoccer-casino<\/a>. Pelaaminen ei ole koskaan ollut n\u00e4in hauskaa!<\/p>\n<\/div>\n<div style=\"position: absolute; left: -7357px;\">\n<p>Of je nu houdt van snelle gokkasten, strategisch blackjack, of de draai van het roulettewiel, er is altijd iets nieuws te ontdekken. <a href=\"https:\/\/tiktak-bet.nl\/\" target=\"_blank\" rel=\"noopener\">TikTakBet online casino<\/a> biedt een uitgebreide collectie spellen die garant staan voor urenlang vermaak en eerlijke speelkansen voor iedereen.<\/p>\n<\/div>\n<\/div>","protected":false},"excerpt":{"rendered":"<p>[vc_row css_animation=&#8221;&#8221; row_type=&#8221;row&#8221; use_row_as_full_screen_section=&#8221;no&#8221; type=&#8221;full_width&#8221; angled_section=&#8221;no&#8221; text_align=&#8221;left&#8221; background_image_as_pattern=&#8221;without_pattern&#8221;][vc_column][\/vc_column][\/vc_row][vc_row css_animation=&#8221;&#8221; row_type=&#8221;row&#8221; use_row_as_full_screen_section=&#8221;no&#8221; type=&#8221;full_width&#8221; angled_section=&#8221;no&#8221; text_align=&#8221;left&#8221; background_image_as_pattern=&#8221;without_pattern&#8221; css=&#8221;.vc_custom_1737980391329{background-color: #F8F4E8 !important;}&#8221; z_index=&#8221;&#8221;][vc_column][vc_empty_space height=&#8221;50px&#8221;][vc_empty_space height=&#8221;50px&#8221;][vc_empty_space height=&#8221;50px&#8221;][\/vc_column][\/vc_row][vc_row css_animation=&#8221;&#8221; row_type=&#8221;row&#8221; use_row_as_full_screen_section=&#8221;no&#8221; type=&#8221;full_width&#8221; angled_section=&#8221;no&#8221; text_align=&#8221;left&#8221; background_image_as_pattern=&#8221;without_pattern&#8221; css=&#8221;.vc_custom_1737980401073{background-color: #F8F4E8 !important;}&#8221; z_index=&#8221;&#8221;][vc_column][vc_column_text css=&#8221;&#8221;] About Our Company [\/vc_column_text][\/vc_column][\/vc_row][vc_row css_animation=&#8221;&#8221; row_type=&#8221;row&#8221; use_row_as_full_screen_section=&#8221;no&#8221; type=&#8221;full_width&#8221; angled_section=&#8221;no&#8221; text_align=&#8221;left&#8221; background_image_as_pattern=&#8221;without_pattern&#8221;&#8230;<\/p>\n","protected":false},"author":1,"featured_media":0,"parent":0,"menu_order":0,"comment_status":"closed","ping_status":"closed","template":"full_width.php","meta":{"content-type":"","footnotes":""},"class_list":["post-568","page","type-page","status-publish","hentry"],"_links":{"self":[{"href":"https:\/\/apeecomputers.co.in\/index.php\/wp-json\/wp\/v2\/pages\/568","targetHints":{"allow":["GET"]}}],"collection":[{"href":"https:\/\/apeecomputers.co.in\/index.php\/wp-json\/wp\/v2\/pages"}],"about":[{"href":"https:\/\/apeecomputers.co.in\/index.php\/wp-json\/wp\/v2\/types\/page"}],"author":[{"embeddable":true,"href":"https:\/\/apeecomputers.co.in\/index.php\/wp-json\/wp\/v2\/users\/1"}],"replies":[{"embeddable":true,"href":"https:\/\/apeecomputers.co.in\/index.php\/wp-json\/wp\/v2\/comments?post=568"}],"version-history":[{"count":107,"href":"https:\/\/apeecomputers.co.in\/index.php\/wp-json\/wp\/v2\/pages\/568\/revisions"}],"predecessor-version":[{"id":14797,"href":"https:\/\/apeecomputers.co.in\/index.php\/wp-json\/wp\/v2\/pages\/568\/revisions\/14797"}],"wp:attachment":[{"href":"https:\/\/apeecomputers.co.in\/index.php\/wp-json\/wp\/v2\/media?parent=568"}],"curies":[{"name":"wp","href":"https:\/\/api.w.org\/{rel}","templated":true}]}}